{"id":777,"date":"2019-07-15T12:40:45","date_gmt":"2019-07-15T12:40:45","guid":{"rendered":"https:\/\/themes.getmotopress.com\/luviana\/?page_id=777"},"modified":"2019-07-15T12:40:45","modified_gmt":"2019-07-15T12:40:45","slug":"posts-list-grid","status":"publish","type":"page","link":"https:\/\/www.adalisabungalow.com\/?page_id=777","title":{"rendered":"Posts List\/Grid Block"},"content":{"rendered":"\n<h2 class=\"wp-block-heading\" style=\"text-align:center\">Posts List<\/h2>\n\n\n        <div class=\"wp-block-getwid-custom-post-type custom-post-type-post has-layout-list\">\n            <div class=\"wp-block-getwid-custom-post-type__wrapper\">\n                \t\t\t\t\t\t\t\t<div class='wp-block-getwid-custom-post-type__post'>\n\t\t\t\t\t\t\t\t\t\n<div class=\"wp-block-getwid-custom-post-type__post-wrapper\">\n            <div class=\"wp-block-getwid-custom-post-type__post-thumbnail\">\n            <a href=\"https:\/\/www.adalisabungalow.com\/?p=83\"><img fetchpriority=\"high\" decoding=\"async\" width=\"1170\" height=\"638\" src=\"https:\/\/www.adalisabungalow.com\/wp-content\/uploads\/2026\/04\/adalisa-bungalow-1170x638.png\" class=\"attachment-post-thumbnail size-post-thumbnail wp-post-image\" alt=\"\" srcset=\"https:\/\/www.adalisabungalow.com\/wp-content\/uploads\/2026\/04\/adalisa-bungalow-1170x638.png 1170w, https:\/\/www.adalisabungalow.com\/wp-content\/uploads\/2026\/04\/adalisa-bungalow-300x164.png 300w, https:\/\/www.adalisabungalow.com\/wp-content\/uploads\/2026\/04\/adalisa-bungalow-1024x559.png 1024w, https:\/\/www.adalisabungalow.com\/wp-content\/uploads\/2026\/04\/adalisa-bungalow-768x419.png 768w, https:\/\/www.adalisabungalow.com\/wp-content\/uploads\/2026\/04\/adalisa-bungalow-1536x838.png 1536w, https:\/\/www.adalisabungalow.com\/wp-content\/uploads\/2026\/04\/adalisa-bungalow-2048x1117.png 2048w, https:\/\/www.adalisabungalow.com\/wp-content\/uploads\/2026\/04\/adalisa-bungalow-147x80.png 147w, https:\/\/www.adalisabungalow.com\/wp-content\/uploads\/2026\/04\/adalisa-bungalow-394x215.png 394w, https:\/\/www.adalisabungalow.com\/wp-content\/uploads\/2026\/04\/adalisa-bungalow-915x499.png 915w, https:\/\/www.adalisabungalow.com\/wp-content\/uploads\/2026\/04\/adalisa-bungalow-1240x676.png 1240w, https:\/\/www.adalisabungalow.com\/wp-content\/uploads\/2026\/04\/adalisa-bungalow-1920x1047.png 1920w\" sizes=\"(max-width: 1170px) 100vw, 1170px\" \/><\/a>\n        <\/div>\n        <div class=\"wp-block-getwid-custom-post-type__content-wrapper\">\n        <div class=\"wp-block-getwid-custom-post-type__post-header\">\n            <h3 class=\"wp-block-getwid-custom-post-type__post-title\"><a href=\"https:\/\/www.adalisabungalow.com\/?p=83\">Do\u011fan\u0131n Kalbinde Ultra L\u00fcks Bir Ka\u00e7\u0131\u015f: Adalisa Bungalow<\/a><\/h3>        <\/div>\n        <div class=\"wp-block-getwid-custom-post-type__post-excerpt \"><p>Kahramanmara\u015f\u2019\u0131n sakl\u0131 cenneti Tekir Yaylas\u0131\u2019nda, g\u00f6ky\u00fcz\u00fcne en yak\u0131n noktada unutulmaz bir deneyime haz\u0131r m\u0131s\u0131n\u0131z? \u015eehrin g\u00fcr\u00fclt\u00fcs\u00fcnden uzakla\u015fmak, \u00e7am kokulu ormanlar\u0131n derinliklerinde nefes almak ve ayn\u0131 zamanda ultra l\u00fcks bir konforun tad\u0131n\u0131 \u00e7\u0131karmak isteyenler i\u00e7in Adalisa Bungalow, kap\u0131lar\u0131n\u0131 aral\u0131yor.<\/p>\n<\/div>\n    <\/div>\n<\/div>\n\t\t\t\t\t\t\t\t<\/div>\n\t\t\t\t\t\t\t            <\/div>\n\n                    <\/div>\n        \n\n\n<div style=\"height:50px\" aria-hidden=\"true\" class=\"wp-block-spacer\"><\/div>\n\n\n\n<h2 class=\"wp-block-heading\" style=\"text-align:center\">Posts Grid<\/h2>\n\n\n\n<div class=\"wp-block-getwid-advanced-spacer\" style=\"height:10px\" aria-hidden=\"true\"><\/div>\n\n\n        <div class=\"wp-block-getwid-custom-post-type custom-post-type-post alignwide has-layout-grid\">\n            <div class=\"wp-block-getwid-custom-post-type__wrapper getwid-columns getwid-columns-3\">\n                \t\t\t\t\t\t\t\t<div class='wp-block-getwid-custom-post-type__post'>\n\t\t\t\t\t\t\t\t\t\n<div class=\"wp-block-getwid-custom-post-type__post-wrapper\">\n            <div class=\"wp-block-getwid-custom-post-type__post-thumbnail\">\n            <a href=\"https:\/\/www.adalisabungalow.com\/?p=83\"><img fetchpriority=\"high\" decoding=\"async\" width=\"1170\" height=\"638\" src=\"https:\/\/www.adalisabungalow.com\/wp-content\/uploads\/2026\/04\/adalisa-bungalow-1170x638.png\" class=\"attachment-post-thumbnail size-post-thumbnail wp-post-image\" alt=\"\" srcset=\"https:\/\/www.adalisabungalow.com\/wp-content\/uploads\/2026\/04\/adalisa-bungalow-1170x638.png 1170w, https:\/\/www.adalisabungalow.com\/wp-content\/uploads\/2026\/04\/adalisa-bungalow-300x164.png 300w, https:\/\/www.adalisabungalow.com\/wp-content\/uploads\/2026\/04\/adalisa-bungalow-1024x559.png 1024w, https:\/\/www.adalisabungalow.com\/wp-content\/uploads\/2026\/04\/adalisa-bungalow-768x419.png 768w, https:\/\/www.adalisabungalow.com\/wp-content\/uploads\/2026\/04\/adalisa-bungalow-1536x838.png 1536w, https:\/\/www.adalisabungalow.com\/wp-content\/uploads\/2026\/04\/adalisa-bungalow-2048x1117.png 2048w, https:\/\/www.adalisabungalow.com\/wp-content\/uploads\/2026\/04\/adalisa-bungalow-147x80.png 147w, https:\/\/www.adalisabungalow.com\/wp-content\/uploads\/2026\/04\/adalisa-bungalow-394x215.png 394w, https:\/\/www.adalisabungalow.com\/wp-content\/uploads\/2026\/04\/adalisa-bungalow-915x499.png 915w, https:\/\/www.adalisabungalow.com\/wp-content\/uploads\/2026\/04\/adalisa-bungalow-1240x676.png 1240w, https:\/\/www.adalisabungalow.com\/wp-content\/uploads\/2026\/04\/adalisa-bungalow-1920x1047.png 1920w\" sizes=\"(max-width: 1170px) 100vw, 1170px\" \/><\/a>\n        <\/div>\n        <div class=\"wp-block-getwid-custom-post-type__content-wrapper\">\n        <div class=\"wp-block-getwid-custom-post-type__post-header\">\n            <h3 class=\"wp-block-getwid-custom-post-type__post-title\"><a href=\"https:\/\/www.adalisabungalow.com\/?p=83\">Do\u011fan\u0131n Kalbinde Ultra L\u00fcks Bir Ka\u00e7\u0131\u015f: Adalisa Bungalow<\/a><\/h3>        <\/div>\n        <div class=\"wp-block-getwid-custom-post-type__post-excerpt \"><p>Kahramanmara\u015f\u2019\u0131n sakl\u0131 cenneti Tekir Yaylas\u0131\u2019nda, g\u00f6ky\u00fcz\u00fcne en yak\u0131n noktada unutulmaz bir deneyime haz\u0131r m\u0131s\u0131n\u0131z? \u015eehrin g\u00fcr\u00fclt\u00fcs\u00fcnden uzakla\u015fmak, \u00e7am kokulu ormanlar\u0131n derinliklerinde nefes almak ve ayn\u0131 zamanda ultra l\u00fcks bir konforun tad\u0131n\u0131 \u00e7\u0131karmak isteyenler i\u00e7in Adalisa Bungalow, kap\u0131lar\u0131n\u0131 aral\u0131yor.<\/p>\n<\/div>\n    <\/div>\n<\/div>\n\t\t\t\t\t\t\t\t<\/div>\n\t\t\t\t\t\t\t            <\/div>\n\n                    <\/div>\n        ","protected":false},"excerpt":{"rendered":"<p>Posts List Posts Grid<\/p>\n","protected":false},"author":1,"featured_media":0,"parent":625,"menu_order":0,"comment_status":"closed","ping_status":"closed","template":"","meta":{"inline_featured_image":false,"footnotes":""},"class_list":["post-777","page","type-page","status-publish","hentry"],"_links":{"self":[{"href":"https:\/\/www.adalisabungalow.com\/index.php?rest_route=\/wp\/v2\/pages\/777","targetHints":{"allow":["GET"]}}],"collection":[{"href":"https:\/\/www.adalisabungalow.com\/index.php?rest_route=\/wp\/v2\/pages"}],"about":[{"href":"https:\/\/www.adalisabungalow.com\/index.php?rest_route=\/wp\/v2\/types\/page"}],"author":[{"embeddable":true,"href":"https:\/\/www.adalisabungalow.com\/index.php?rest_route=\/wp\/v2\/users\/1"}],"replies":[{"embeddable":true,"href":"https:\/\/www.adalisabungalow.com\/index.php?rest_route=%2Fwp%2Fv2%2Fcomments&post=777"}],"version-history":[{"count":0,"href":"https:\/\/www.adalisabungalow.com\/index.php?rest_route=\/wp\/v2\/pages\/777\/revisions"}],"up":[{"embeddable":true,"href":"https:\/\/www.adalisabungalow.com\/index.php?rest_route=\/wp\/v2\/pages\/625"}],"wp:attachment":[{"href":"https:\/\/www.adalisabungalow.com\/index.php?rest_route=%2Fwp%2Fv2%2Fmedia&parent=777"}],"curies":[{"name":"wp","href":"https:\/\/api.w.org\/{rel}","templated":true}]}}